{"id":15,"date":"2020-05-04T21:58:56","date_gmt":"2020-05-04T21:58:56","guid":{"rendered":"https:\/\/auroraonlus.filaretedev.it\/?page_id=15"},"modified":"2020-12-11T11:10:47","modified_gmt":"2020-12-11T11:10:47","slug":"il-nuovo-umoma-apre-i-battenti-2","status":"publish","type":"page","link":"https:\/\/www.aurora-onlus.it\/","title":{"rendered":"Dal 1989"},"content":{"rendered":"\r\n<div class=\"wp-block-group alignwide\">\r\n<div class=\"wp-block-group__inner-container is-layout-flow wp-block-group-is-layout-flow\">\r\n<p><iframe loading=\"lazy\" title=\"Refugium Peccatorum - una cena all&#039;aurora ONLUS\" width=\"580\" height=\"435\" src=\"https:\/\/www.youtube.com\/embed\/n9Po3REklrE?start=1&#038;feature=oembed\" frameborder=\"0\" allow=\"accelerometer; autoplay; clipboard-write; encrypted-media; gyroscope; picture-in-picture; web-share\" referrerpolicy=\"strict-origin-when-cross-origin\" allowfullscreen><\/iframe><\/p>\r\n<p><span style=\"font-weight: 400;\">L\u2019Aurora \u00e8 stata fondata nel 1989 ed \u00e8 \u00e8 nata da un mio disagio interiore nel vedere molte situazioni di sofferenza sociale alle quali non riuscivo a rimanere indifferente. Ero anche convinta che non era necessario avere mezzi economici, ma, a partire dal disagio personale, provare a diventare un aiuto per gli altri. Vivevo in una casa popolare con i miei due figli e lavoravo come logopedista presso l\u2019azienda sanitaria. Negli anni ho accolto diversi bambini in affido dal Tribunale per i minori di Firenze e uno \u00e8 poi rimasto sempre con me, aveva 4 anni e adesso ne ha 36, \u00e8 affetto da sindrome autistica. Il desiderio di coinvolgere altri nell&#8217;avventura del mutuo aiuto era molto forte. Si apre lo scenario degli anni \u201890: tossicodipendenza e tanti minori allontanati dalle famiglie. Per le strade del centro storico fiorentino: droga, senzatetto, sfratti e perdita del lavoro lasciavano sul lastrico persone senza apparenti vie d\u2019uscita se non l\u2019impotenza che dirotta nel circuito della carit\u00e0. E qua diventa immediata la perdita di ogni diritto civile: perdi la casa e automaticamente la residenza, ma anche l\u2019accesso al servizio sociale, al medico di base e alle relazioni sociali. Subentra la vergogna e spesso l&#8217;auto-allontanamento dalla famiglia. Ho incontrato persone che non conoscevano pi\u00f9 la differenza tra servizio pubblico e privato!Non ricordare pi\u00f9 i diritti spesso fa lentamente dimenticare anche la propria biografia e inizia un \u201cgioco dell\u2019oca\u201d: camminare tutto il giorno nella citt\u00e0 per avere un abito, una doccia,un piatto caldo e ogni cosa la trovi in luoghi diversi dove vieni censito, con tanto di tessere per accedere per poi ricominciare il giro quotidiano. Nessuno pi\u00f9 ti parla di diritti ma soltanto di carit\u00e0!Sono stati anni di lotte per il recupero della residenza, non come un premio o un favore, ma l\u2019inderogabile diritto\/dovere nell&#8217;affermare la propria esistenza nonostante le perdite. La residenza \u00e8 l\u2019unica cosa che ti fa accedere ai servizi pubblici come cittadino. Le lotte dell\u2019Aurora partivano dalla mancanza di qualsiasi appartenenza politica e religiosa, e senza un \u201ccappello\u201d a Firenze \u00e8 molto difficile. Per\u00f2\u2026la libert\u00e0 si paga, ma non sempre per soccombere. La sofferenza degli esclusi ci ha fatto andare avanti nonostante gli innumerevoli bastoni tra le ruote. E non con piet\u00e0 ma con passione e fede nei diritti primari che socialmente rendono giustizia. Personalmente la mia Fede in Dio, l\u2019ammirazione e la stima per il monaco dei Servi di Maria\u2014 Padre Giovanni Vannucci \u2014 mi hanno sostenuto in questo cammino. La sua Fede e la sua fedelt\u00e0 alla Chiesa (nonostante le difficolt\u00e0 subite) per me \u00e8 stato un motivo di lunga meditazione. L\u2019ho conosciuto attraverso i suoi libri e l\u2019eremo dove ha vissuto. All&#8217;ingresso dell\u2019associazione ho appeso un suo pensiero, che ha accolto migliaia di persone. Adesso dopo 31 anni alcune foto testimoniano il lungo lavoro insieme alle persone che \u00e8 stata una grande avventura!<\/span><\/p>\r\n<p><img loading=\"lazy\" decoding=\"async\" class=\"alignnone wp-image-468 size-large\" src=\"https:\/\/www.aurora-onlus.it\/wp-content\/uploads\/2020\/07\/2012-cartello-1024x659.jpg\" alt=\"\" width=\"580\" height=\"373\" srcset=\"https:\/\/www.aurora-onlus.it\/wp-content\/uploads\/2020\/07\/2012-cartello-1024x659.jpg 1024w, https:\/\/www.aurora-onlus.it\/wp-content\/uploads\/2020\/07\/2012-cartello-300x193.jpg 300w, https:\/\/www.aurora-onlus.it\/wp-content\/uploads\/2020\/07\/2012-cartello-768x494.jpg 768w, https:\/\/www.aurora-onlus.it\/wp-content\/uploads\/2020\/07\/2012-cartello-1536x989.jpg 1536w, https:\/\/www.aurora-onlus.it\/wp-content\/uploads\/2020\/07\/2012-cartello-2048x1319.jpg 2048w, https:\/\/www.aurora-onlus.it\/wp-content\/uploads\/2020\/07\/2012-cartello-1200x773.jpg 1200w, https:\/\/www.aurora-onlus.it\/wp-content\/uploads\/2020\/07\/2012-cartello-1980x1275.jpg 1980w\" sizes=\"auto, (max-width: 580px) 100vw, 580px\" \/><\/p>\r\n<p><span style=\"font-weight: 400;\">Il lavoro CON le persone e non soltanto PER le persone: \u00e8 una differenza sostanziale per la dignit\u00e0 e la reciprocit\u00e0 nei rapporti umani. Il nostro \u00e8 stato un lavoro esclusivamente volontario e non ci ha sostenuto nessun Ente Pubblico.<\/span><\/p>\r\n<p><span style=\"font-weight: 400;\">Perci\u00f2 GRAZIE a tutti coloro che si sono coinvolti donando il proprio tempo.<\/span><\/p>\r\n<p><span style=\"font-weight: 400;\">GRAZIE all&#8217;Ente Cassa di Risparmio che negli anni ci ha sostenuto per tutte le ristrutturazioni che hanno dato sicurezza e dignit\u00e0 al lavoro e all&#8217;accoglienza.<\/span><\/p>\r\n<p><span style=\"font-weight: 400;\">GRAZIE a tutti coloro che, bisognosi di aiuto, hanno avuto fiducia nella nostra autogestione, recuperando cos\u00ec alcuni diritti e un po\u2019 di speranza.<\/span><\/p>\r\n<p><span style=\"font-weight: 400;\">GRAZIE al mercato di Sant&#8217;Ambrogio che ci ha sostenuto con alimenti freschi per la nostra mensa. GRAZIE agli abitanti del quartiere e a tutti coloro che ci hanno sostenuto con donazioni, abiti, libri e oggetti per il nostro mercatino.<\/span><\/p>\r\n<\/div>\r\n<\/div>\r\n\r\n\r\n\r\n<div class=\"wp-block-columns alignwide is-layout-flex wp-container-core-columns-is-layout-1 wp-block-columns-is-layout-flex\">\r\n<div class=\"wp-block-column is-layout-flow wp-block-column-is-layout-flow\">\r\n<div class=\"wp-block-group\">\r\n<div class=\"wp-block-group__inner-container is-layout-flow wp-block-group-is-layout-flow\">\r\n<figure class=\"wp-block-image alignfull size-full\"><img loading=\"lazy\" decoding=\"async\" class=\"alignnone wp-image-77 size-large\" src=\"https:\/\/www.aurora-onlus.it\/wp-content\/uploads\/2020\/05\/storia-1024x768.jpg\" alt=\"Intarsio in legno portone di ingresso, chiesa sconsacrata Firenze, Putto in legno\" width=\"580\" height=\"435\" srcset=\"https:\/\/www.aurora-onlus.it\/wp-content\/uploads\/2020\/05\/storia-1024x768.jpg 1024w, https:\/\/www.aurora-onlus.it\/wp-content\/uploads\/2020\/05\/storia-300x225.jpg 300w, https:\/\/www.aurora-onlus.it\/wp-content\/uploads\/2020\/05\/storia-768x576.jpg 768w, https:\/\/www.aurora-onlus.it\/wp-content\/uploads\/2020\/05\/storia-1536x1152.jpg 1536w, https:\/\/www.aurora-onlus.it\/wp-content\/uploads\/2020\/05\/storia-1200x900.jpg 1200w, https:\/\/www.aurora-onlus.it\/wp-content\/uploads\/2020\/05\/storia-1980x1485.jpg 1980w, https:\/\/www.aurora-onlus.it\/wp-content\/uploads\/2020\/05\/storia.jpg 2048w\" sizes=\"auto, (max-width: 580px) 100vw, 580px\" \/><\/figure>\r\n\r\n\r\n\r\n<h3 class=\"wp-block-heading\">Storia<\/h3>\r\n\r\n\r\n\r\n<p>1989 &#8212; 2020<\/p>\r\n\r\n\r\n\r\n<div class=\"wp-block-button is-style-outline is-style-outline--1\"><a class=\"wp-block-button__link\" href=\"https:\/\/www.aurora-onlus.it\/?page_id=16\" rel=\"noopener noreferrer\">LEGGI TUTTO<\/a><\/div>\r\n<\/div>\r\n<\/div>\r\n\r\n\r\n\r\n<div class=\"wp-block-group\">\r\n<div class=\"wp-block-group__inner-container is-layout-flow wp-block-group-is-layout-flow\">\r\n<figure class=\"wp-block-image alignfull size-full\"><img loading=\"lazy\" decoding=\"async\" class=\"alignnone wp-image-509 size-large\" src=\"https:\/\/www.aurora-onlus.it\/wp-content\/uploads\/2020\/07\/2012-stefania-1-1024x677.jpg\" alt=\"\" width=\"580\" height=\"383\" srcset=\"https:\/\/www.aurora-onlus.it\/wp-content\/uploads\/2020\/07\/2012-stefania-1-1024x677.jpg 1024w, https:\/\/www.aurora-onlus.it\/wp-content\/uploads\/2020\/07\/2012-stefania-1-300x198.jpg 300w, https:\/\/www.aurora-onlus.it\/wp-content\/uploads\/2020\/07\/2012-stefania-1-768x508.jpg 768w, https:\/\/www.aurora-onlus.it\/wp-content\/uploads\/2020\/07\/2012-stefania-1-1536x1015.jpg 1536w, https:\/\/www.aurora-onlus.it\/wp-content\/uploads\/2020\/07\/2012-stefania-1-2048x1354.jpg 2048w, https:\/\/www.aurora-onlus.it\/wp-content\/uploads\/2020\/07\/2012-stefania-1-1200x793.jpg 1200w, https:\/\/www.aurora-onlus.it\/wp-content\/uploads\/2020\/07\/2012-stefania-1-1980x1309.jpg 1980w\" sizes=\"auto, (max-width: 580px) 100vw, 580px\" \/><\/figure>\r\n\r\n\r\n\r\n<h3 class=\"wp-block-heading\">Archivio fotografico<\/h3>\r\n\r\n\r\n\r\n<p>1989 &#8212; 2020<\/p>\r\n\r\n\r\n\r\n<div class=\"wp-block-button is-style-outline is-style-outline--2\"><a class=\"wp-block-button__link\" href=\"https:\/\/www.aurora-onlus.it\/?page_id=728\" rel=\"noopener noreferrer\">LEGGI TUTTO<\/a><\/div>\r\n<\/div>\r\n<\/div>\r\n<\/div>\r\n\r\n\r\n\r\n<div class=\"wp-block-column is-layout-flow wp-block-column-is-layout-flow\">\r\n<div class=\"wp-block-group\">\r\n<div class=\"wp-block-group__inner-container is-layout-flow wp-block-group-is-layout-flow\">\r\n<figure class=\"wp-block-image alignfull size-full\"><img loading=\"lazy\" decoding=\"async\" class=\"alignnone wp-image-441 size-large\" src=\"https:\/\/www.aurora-onlus.it\/wp-content\/uploads\/2020\/07\/2010-sinti-7-1024x678.jpg\" alt=\"\" width=\"580\" height=\"384\" srcset=\"https:\/\/www.aurora-onlus.it\/wp-content\/uploads\/2020\/07\/2010-sinti-7-1024x678.jpg 1024w, https:\/\/www.aurora-onlus.it\/wp-content\/uploads\/2020\/07\/2010-sinti-7-300x199.jpg 300w, https:\/\/www.aurora-onlus.it\/wp-content\/uploads\/2020\/07\/2010-sinti-7-768x509.jpg 768w, https:\/\/www.aurora-onlus.it\/wp-content\/uploads\/2020\/07\/2010-sinti-7-1536x1017.jpg 1536w, https:\/\/www.aurora-onlus.it\/wp-content\/uploads\/2020\/07\/2010-sinti-7-2048x1356.jpg 2048w, https:\/\/www.aurora-onlus.it\/wp-content\/uploads\/2020\/07\/2010-sinti-7-1200x795.jpg 1200w, https:\/\/www.aurora-onlus.it\/wp-content\/uploads\/2020\/07\/2010-sinti-7-1980x1311.jpg 1980w\" sizes=\"auto, (max-width: 580px) 100vw, 580px\" \/><\/figure>\r\n\r\n\r\n\r\n<h3 class=\"wp-block-heading\">Blog<\/h3>\r\n\r\n\r\n\r\n<p>Testi e parole<\/p>\r\n\r\n\r\n\r\n<div class=\"wp-block-button is-style-outline is-style-outline--3\"><a class=\"wp-block-button__link\" href=\"https:\/\/www.aurora-onlus.it\/?page_id=18\" rel=\"noopener noreferrer\">LEGGI TUTTO<\/a><\/div>\r\n<\/div>\r\n<\/div>\r\n\r\n\r\n\r\n<div class=\"wp-block-group\">\r\n<div class=\"wp-block-group__inner-container is-layout-flow wp-block-group-is-layout-flow\">\r\n<figure class=\"wp-block-image alignfull size-full\"><img loading=\"lazy\" decoding=\"async\" class=\"alignnone  wp-image-68\" src=\"https:\/\/www.aurora-onlus.it\/wp-content\/uploads\/2020\/05\/Buddah-300x300.jpg\" alt=\"Budda cinese felice in ceramica\" width=\"580\" height=\"580\" srcset=\"https:\/\/www.aurora-onlus.it\/wp-content\/uploads\/2020\/05\/Buddah-300x300.jpg 300w, https:\/\/www.aurora-onlus.it\/wp-content\/uploads\/2020\/05\/Buddah-150x150.jpg 150w, https:\/\/www.aurora-onlus.it\/wp-content\/uploads\/2020\/05\/Buddah.jpg 711w\" sizes=\"auto, (max-width: 580px) 100vw, 580px\" \/><\/figure>\r\n\r\n\r\n\r\n<h3 class=\"wp-block-heading\">Mercatino della solidariet\u00e0<\/h3>\r\n\r\n\r\n\r\n<p>Mettiamoci nei panni degli altri per ridurre, r<span style=\"font-weight: 400;\">ecuperare, riparare, riciclare.<\/span><\/p>\r\n\r\n\r\n\r\n<div class=\"wp-block-button is-style-outline is-style-outline--4\"><a class=\"wp-block-button__link\" href=\"https:\/\/www.aurora-onlus.it\/?page_id=67\" rel=\"noopener noreferrer\">NEI PANNI DEGLI ALTRI<\/a><\/div>\r\n<\/div>\r\n<\/div>\r\n<\/div>\r\n<\/div>\r\n\r\n\r\n\r\n<figure class=\"wp-block-image alignfull size-full\"><img loading=\"lazy\" decoding=\"async\" class=\"alignnone wp-image-764 size-large\" src=\"https:\/\/www.aurora-onlus.it\/wp-content\/uploads\/2020\/07\/2012-salone-banner-1024x391.jpg\" alt=\"\" width=\"580\" height=\"221\" srcset=\"https:\/\/www.aurora-onlus.it\/wp-content\/uploads\/2020\/07\/2012-salone-banner-1024x391.jpg 1024w, https:\/\/www.aurora-onlus.it\/wp-content\/uploads\/2020\/07\/2012-salone-banner-300x115.jpg 300w, https:\/\/www.aurora-onlus.it\/wp-content\/uploads\/2020\/07\/2012-salone-banner-768x293.jpg 768w, https:\/\/www.aurora-onlus.it\/wp-content\/uploads\/2020\/07\/2012-salone-banner-1536x587.jpg 1536w, https:\/\/www.aurora-onlus.it\/wp-content\/uploads\/2020\/07\/2012-salone-banner-2048x782.jpg 2048w, https:\/\/www.aurora-onlus.it\/wp-content\/uploads\/2020\/07\/2012-salone-banner-1200x458.jpg 1200w, https:\/\/www.aurora-onlus.it\/wp-content\/uploads\/2020\/07\/2012-salone-banner-1980x756.jpg 1980w\" sizes=\"auto, (max-width: 580px) 100vw, 580px\" \/><\/figure>\r\n\r\n\r\n\r\n<div class=\"wp-block-group alignwide\">\r\n<div class=\"wp-block-group__inner-container is-layout-flow wp-block-group-is-layout-flow\">\r\n<h2 class=\"has-accent-color has-text-align-center wp-block-heading\">I nostri valori<\/h2>\r\n<\/div>\r\n<\/div>\r\n\r\n\r\n\r\n<ul>\r\n<li><span style=\"font-weight: 400;\">Il rispetto assoluto della dignit\u00e0 e dei diritti fondamentali della persona, a prescindere da ogni diversit\u00e0.<\/span><\/li>\r\n<li><span style=\"font-weight: 400;\">La scelta di non \u201cmercificare la solidariet\u00e0\u201d, rifiutando il mero assistenzialsimo.<\/span><\/li>\r\n<li><span style=\"font-weight: 400;\">La libert\u00e0 di pensiero in un\u2019ottica laica.<\/span><\/li>\r\n<li><span style=\"font-weight: 400;\">La difesa dell\u2019indipendenza lontana da logiche d\u2019appartenenza o di convenienza.<\/span><\/li>\r\n<\/ul>\r\n\r\n\r\n\r\n<p>&nbsp;<\/p>\r\n\r\n\r\n\r\n<div class=\"wp-block-group alignwide has-background\" style=\"background-color: #ffffff;\">\r\n<div class=\"wp-block-group__inner-container is-layout-flow wp-block-group-is-layout-flow\">\r\n<div class=\"wp-block-group\">\r\n<div class=\"wp-block-group__inner-container is-layout-flow wp-block-group-is-layout-flow\">\r\n<h2 class=\"has-text-align-center wp-block-heading\">Vuoi dare il tuo sostegno all&#8217;associazione?<\/h2>\r\n\r\n\r\n\r\n<p class=\"has-text-align-center\">Puoi donare il tuo 5&#215;100 oppure diventare un socio volontario, contattaci per avere tutte le informazioni!<\/p>\r\n\r\n\r\n\r\n<div class=\"wp-block-button aligncenter\"><a class=\"wp-block-button__link\" href=\"https:\/\/www.aurora-onlus.it\/?page_id=17\">CONTATTI<\/a><\/div>\r\n<\/div>\r\n<\/div>\r\n<\/div>\r\n<\/div>\r\n\r\n\r\n\r\n<figure class=\"wp-block-gallery alignwide columns-2 is-cropped wp-block-gallery-5 is-layout-flex wp-block-gallery-is-layout-flex\">\r\n<ul class=\"blocks-gallery-grid\">\r\n<li class=\"blocks-gallery-item\">\r\n<figure><img loading=\"lazy\" decoding=\"async\" class=\"alignnone wp-image-473 size-large\" src=\"https:\/\/www.aurora-onlus.it\/wp-content\/uploads\/2020\/07\/2012-cena-sociale-5-1024x683.jpg\" alt=\"\" width=\"580\" height=\"387\" srcset=\"https:\/\/www.aurora-onlus.it\/wp-content\/uploads\/2020\/07\/2012-cena-sociale-5-1024x683.jpg 1024w, https:\/\/www.aurora-onlus.it\/wp-content\/uploads\/2020\/07\/2012-cena-sociale-5-300x200.jpg 300w, https:\/\/www.aurora-onlus.it\/wp-content\/uploads\/2020\/07\/2012-cena-sociale-5-768x513.jpg 768w, https:\/\/www.aurora-onlus.it\/wp-content\/uploads\/2020\/07\/2012-cena-sociale-5-1536x1025.jpg 1536w, https:\/\/www.aurora-onlus.it\/wp-content\/uploads\/2020\/07\/2012-cena-sociale-5-2048x1367.jpg 2048w, https:\/\/www.aurora-onlus.it\/wp-content\/uploads\/2020\/07\/2012-cena-sociale-5-1200x801.jpg 1200w, https:\/\/www.aurora-onlus.it\/wp-content\/uploads\/2020\/07\/2012-cena-sociale-5-1980x1321.jpg 1980w\" sizes=\"auto, (max-width: 580px) 100vw, 580px\" \/><\/figure>\r\n<\/li>\r\n<li class=\"blocks-gallery-item\">\r\n<figure><img loading=\"lazy\" decoding=\"async\" class=\"alignnone wp-image-431 size-large\" src=\"https:\/\/www.aurora-onlus.it\/wp-content\/uploads\/2020\/07\/2010-ester-e-sinti-1024x644.jpg\" alt=\"\" width=\"580\" height=\"365\" srcset=\"https:\/\/www.aurora-onlus.it\/wp-content\/uploads\/2020\/07\/2010-ester-e-sinti-1024x644.jpg 1024w, https:\/\/www.aurora-onlus.it\/wp-content\/uploads\/2020\/07\/2010-ester-e-sinti-300x189.jpg 300w, https:\/\/www.aurora-onlus.it\/wp-content\/uploads\/2020\/07\/2010-ester-e-sinti-768x483.jpg 768w, https:\/\/www.aurora-onlus.it\/wp-content\/uploads\/2020\/07\/2010-ester-e-sinti-1536x966.jpg 1536w, https:\/\/www.aurora-onlus.it\/wp-content\/uploads\/2020\/07\/2010-ester-e-sinti-2048x1288.jpg 2048w, https:\/\/www.aurora-onlus.it\/wp-content\/uploads\/2020\/07\/2010-ester-e-sinti-1200x754.jpg 1200w, https:\/\/www.aurora-onlus.it\/wp-content\/uploads\/2020\/07\/2010-ester-e-sinti-1980x1245.jpg 1980w\" sizes=\"auto, (max-width: 580px) 100vw, 580px\" \/><\/figure>\r\n<\/li>\r\n<\/ul>\r\n<\/figure>\r\n","protected":false},"excerpt":{"rendered":"<p>L\u2019Aurora \u00e8 stata fondata nel 1989 ed \u00e8 \u00e8 nata da un mio disagio interiore nel vedere molte situazioni di sofferenza sociale alle quali non riuscivo a rimanere indifferente. Ero anche convinta che non era necessario avere mezzi economici, ma, a partire dal disagio personale, provare a diventare un aiuto per gli altri. Vivevo in [&hellip;]<\/p>\n","protected":false},"author":1,"featured_media":779,"parent":0,"menu_order":0,"comment_status":"closed","ping_status":"closed","template":"","meta":{"footnotes":""},"class_list":["post-15","page","type-page","status-publish","has-post-thumbnail","hentry"],"yoast_head":"<!-- This site is optimized with the Yoast SEO plugin v14.0.4 - https:\/\/yoast.com\/wordpress\/plugins\/seo\/ -->\n<title>Dal 1989 - L&#039;Aurora Onlus<\/title>\n<meta name=\"description\" content=\"Uno spazio che dal 1989 ha accolto, ispirato, divertito, rigenerato, aiutato e rinnovato. Qui sono raccolte tutte le storie, le immagini e le persone che lo hanno vissuto.\" \/>\n<meta name=\"robots\" content=\"index, follow\" \/>\n<meta name=\"googlebot\" content=\"index, follow, max-snippet:-1, max-image-preview:large, max-video-preview:-1\" \/>\n<meta name=\"bingbot\" content=\"index, follow, max-snippet:-1, max-image-preview:large, max-video-preview:-1\" \/>\n<link rel=\"canonical\" href=\"https:\/\/www.aurora-onlus.it\/\" \/>\n<meta property=\"og:locale\" content=\"it_IT\" \/>\n<meta property=\"og:type\" content=\"article\" \/>\n<meta property=\"og:title\" content=\"Dal 1989 - L&#039;Aurora Onlus\" \/>\n<meta property=\"og:description\" content=\"Uno spazio che dal 1989 ha accolto, ispirato, divertito, rigenerato, aiutato e rinnovato. Qui sono raccolte tutte le storie, le immagini e le persone che lo hanno vissuto.\" \/>\n<meta property=\"og:url\" content=\"https:\/\/www.aurora-onlus.it\/\" \/>\n<meta property=\"og:site_name\" content=\"L&#039;Aurora Onlus\" \/>\n<meta property=\"article:modified_time\" content=\"2020-12-11T11:10:47+00:00\" \/>\n<meta property=\"og:image\" content=\"https:\/\/www.aurora-onlus.it\/wp-content\/uploads\/2020\/12\/Risorsa-1@2x.png\" \/>\n\t<meta property=\"og:image:width\" content=\"5494\" \/>\n\t<meta property=\"og:image:height\" content=\"2366\" \/>\n<meta name=\"twitter:card\" content=\"summary_large_image\" \/>\n<script type=\"application\/ld+json\" class=\"yoast-schema-graph\">{\"@context\":\"https:\/\/schema.org\",\"@graph\":[{\"@type\":\"WebSite\",\"@id\":\"https:\/\/www.aurora-onlus.it\/#website\",\"url\":\"https:\/\/www.aurora-onlus.it\/\",\"name\":\"L&#039;Aurora Onlus\",\"description\":\"Trent&#039;anni di solidale umanit\\u00e0\",\"potentialAction\":[{\"@type\":\"SearchAction\",\"target\":\"https:\/\/www.aurora-onlus.it\/?s={search_term_string}\",\"query-input\":\"required name=search_term_string\"}],\"inLanguage\":\"it-IT\"},{\"@type\":\"ImageObject\",\"@id\":\"https:\/\/www.aurora-onlus.it\/#primaryimage\",\"inLanguage\":\"it-IT\",\"url\":\"https:\/\/www.aurora-onlus.it\/wp-content\/uploads\/2020\/12\/Risorsa-1@2x.png\",\"width\":5494,\"height\":2366},{\"@type\":\"WebPage\",\"@id\":\"https:\/\/www.aurora-onlus.it\/#webpage\",\"url\":\"https:\/\/www.aurora-onlus.it\/\",\"name\":\"Dal 1989 - L&#039;Aurora Onlus\",\"isPartOf\":{\"@id\":\"https:\/\/www.aurora-onlus.it\/#website\"},\"primaryImageOfPage\":{\"@id\":\"https:\/\/www.aurora-onlus.it\/#primaryimage\"},\"datePublished\":\"2020-05-04T21:58:56+00:00\",\"dateModified\":\"2020-12-11T11:10:47+00:00\",\"description\":\"Uno spazio che dal 1989 ha accolto, ispirato, divertito, rigenerato, aiutato e rinnovato. Qui sono raccolte tutte le storie, le immagini e le persone che lo hanno vissuto.\",\"inLanguage\":\"it-IT\",\"potentialAction\":[{\"@type\":\"ReadAction\",\"target\":[\"https:\/\/www.aurora-onlus.it\/\"]}]}]}<\/script>\n<!-- \/ Yoast SEO plugin. -->","_links":{"self":[{"href":"https:\/\/www.aurora-onlus.it\/index.php?rest_route=\/wp\/v2\/pages\/15","targetHints":{"allow":["GET"]}}],"collection":[{"href":"https:\/\/www.aurora-onlus.it\/index.php?rest_route=\/wp\/v2\/pages"}],"about":[{"href":"https:\/\/www.aurora-onlus.it\/index.php?rest_route=\/wp\/v2\/types\/page"}],"author":[{"embeddable":true,"href":"https:\/\/www.aurora-onlus.it\/index.php?rest_route=\/wp\/v2\/users\/1"}],"replies":[{"embeddable":true,"href":"https:\/\/www.aurora-onlus.it\/index.php?rest_route=%2Fwp%2Fv2%2Fcomments&post=15"}],"version-history":[{"count":17,"href":"https:\/\/www.aurora-onlus.it\/index.php?rest_route=\/wp\/v2\/pages\/15\/revisions"}],"predecessor-version":[{"id":765,"href":"https:\/\/www.aurora-onlus.it\/index.php?rest_route=\/wp\/v2\/pages\/15\/revisions\/765"}],"wp:featuredmedia":[{"embeddable":true,"href":"https:\/\/www.aurora-onlus.it\/index.php?rest_route=\/wp\/v2\/media\/779"}],"wp:attachment":[{"href":"https:\/\/www.aurora-onlus.it\/index.php?rest_route=%2Fwp%2Fv2%2Fmedia&parent=15"}],"curies":[{"name":"wp","href":"https:\/\/api.w.org\/{rel}","templated":true}]}}