{"id":51,"date":"2020-05-04T22:32:29","date_gmt":"2020-05-04T22:32:29","guid":{"rendered":"https:\/\/auroraonlus.filaretedev.it\/?page_id=51"},"modified":"2020-07-06T21:00:19","modified_gmt":"2020-07-06T21:00:19","slug":"storia","status":"publish","type":"page","link":"https:\/\/www.aurora-onlus.it\/?page_id=51","title":{"rendered":"Storia della sede"},"content":{"rendered":"\r\n<p>Dall&#8217;ottobre del 1994 l&#8217;Aurora si \u00e8 trasferita in una nuova sede, in via D\u00e9 Macci 11 a Firenze, di propriet\u00e0 della Curia con la quale \u00e8 stato stipulato un contratto di affitto. La sede \u00e8 un&#8217;antica e meravigliosa chiesa sconsacrata.<\/p>\r\n<p><img loading=\"lazy\" decoding=\"async\" class=\"wp-image-344 size-large alignnone\" src=\"https:\/\/www.aurora-onlus.it\/wp-content\/uploads\/2020\/07\/2005-salone-6-1024x758.jpg\" alt=\"\" width=\"580\" height=\"429\" srcset=\"https:\/\/www.aurora-onlus.it\/wp-content\/uploads\/2020\/07\/2005-salone-6-1024x758.jpg 1024w, https:\/\/www.aurora-onlus.it\/wp-content\/uploads\/2020\/07\/2005-salone-6-300x222.jpg 300w, https:\/\/www.aurora-onlus.it\/wp-content\/uploads\/2020\/07\/2005-salone-6-768x569.jpg 768w, https:\/\/www.aurora-onlus.it\/wp-content\/uploads\/2020\/07\/2005-salone-6-1536x1137.jpg 1536w, https:\/\/www.aurora-onlus.it\/wp-content\/uploads\/2020\/07\/2005-salone-6-2048x1517.jpg 2048w, https:\/\/www.aurora-onlus.it\/wp-content\/uploads\/2020\/07\/2005-salone-6-1200x889.jpg 1200w, https:\/\/www.aurora-onlus.it\/wp-content\/uploads\/2020\/07\/2005-salone-6-1980x1466.jpg 1980w\" sizes=\"auto, (max-width: 580px) 100vw, 580px\" \/><\/p>\r\n<p><strong>Storia della Chiesa<\/strong> da &#8220;<em>Le Strade di Firenze<\/em>&#8221; di Franco Cesani<\/p>\r\n<p>Il lungo percorso dell&#8217;attuale via D\u00e9 Macci \u00e8 costellato di targhe. La pi\u00f9 interessante \u00e8 senza dubbio quella incisa sopra un antico stemma della famiglia dei Macci sulla facciata del convento fondato da Caio di Francesco nel 1344 insieme alla Chiesa intitolata a San Francesco.<\/p>\r\n<p>L&#8217;iscrizione, secondo la lettura di Francesco Bigazzi, recita:<\/p>\r\n<p>ISTUD MONASTERIUM QUOD VOCATUR<\/p>\r\n<p>SANCTUS FRANCISCUS A TEMPIO DE MACCIS<\/p>\r\n<p>FECIT CAIUS DE MACIS PRO ANIMA<\/p>\r\n<p>FRANCISCI PATRIS SUI ET PRO ANIMA SUA<\/p>\r\n<p>ET OMNIUM SUORUM. ANNO DOMINI<\/p>\r\n<p>1344, DE MENSE JANUARII.<\/p>\r\n<p>La chiesa e il monastero incorporarono l&#8217;antico ospedale eretto nel 1355 e vennero affidati alle cure dell monache francescane. In epoche pi\u00f9 recenti le suore del convento di S. Francesco misero il monastero a disposizione delle donne separate dal marito e delle madre nubili. Per questo l&#8217;antico ospedale prese il nome di malmaritate.<\/p>\r\n<p>Nella chiesetta era custodita la Madonna delle Arpie di Andrea del Sarto, oggi esposta agli Uffizi. Fu in granduca Ferdinando II a ottenere dalle monache il dipinto in cambio di un restauro della chiesa condotto dall&#8217;architetto Giovan Battista Foggini. In seguito alla soppressione del convento del 1808, le monache vennero allontanate e la chiesa sconsacrata e adibita prima a teatrino parrocchiale e in seguito a laboratorio di restauro ligneo.<\/p>\r\n<p>A lato dell&#8217;ingresso della chiesa, ancora oggi si intravedono le tracce dell&#8217;antico porticato dell&#8217;ospedale. All&#8217;interno, sull&#8217;ingresso della cappella secentesca disegnata dal Foggini e affrescata da Vincenzo Dandini, si legge:<\/p>\r\n<p>INTROITE IN LOCVU<\/p>\r\n<p>TABERNACVLI<\/p>\r\n<p>ADMIRABILI.<\/p>\r\n<p>San Francesco D\u00e9 Macci (anche: San Francesco al Tempio)<\/p>\r\n<p>Via dei Macci 17, Firenze<\/p>\r\n<p>La fondazione del complesso \u00e8 da collegarsi col testamento di Francesco d\u00e9 Macci del 7.1.1310, nel quale viene previsto la costruzione di un monastero o ospedale dedicato a S. Chiara.<\/p>\r\n<p>Nel 1335 il figlio del ormai defunto, Caio, informa l&#8217;arcivescovo fiorentino del adempimento all&#8217;ultima volont\u00e0; la presunta ultimazione dei lavori riguarda probabilmente l&#8217;ospedale, mentre il monastero secondo un&#8217;iscrizione trovata sul muro est della chiesa accanto a degli stemmi abbattuti dovrebbe esser stato terminato solo nel 1344.<\/p>\r\n<p>Per la gestione del complesso furono chiamate monache dal convento di clarisse di S. Giusto nella diocesi di Arezzo.<\/p>\r\n<p>Nel 1473 per bolla di Papa Sisto IV, il convento fu sottoposto alla tutela dei monaci di S. Croce.<\/p>\r\n<p>Il 1808 segna la soppressione del convento e l&#8217;espulsione delle ultime religiose. La chiesa svolgeva funzione di oratorio per la confraternita dei Quojai; gli edifici conventuali invece furono ridotti ad abitazioni.<\/p>\r\n<p><strong>Storia degli interventi architettonici e degli arredi della chiesa<\/strong><\/p>\r\n<p>La costruzione della chiesa conventuale si presenta come risultato di una ristrutturazione di un palazzo altomedioevale, le cui traccie sono state scoperte sulla mura dell&#8217;edificio verso Via d\u00e9 Macci e lasciate leggibili. La costruzione originaria, di dimensioni corrispondenti alla chiesa attuale, era orientata da est verso ovest. La facciata in Via dei Macci non sembra che sia stata articolata in nessun special modo.<\/p>\r\n<p>Come arredo interno prima degli interventi sei-settecenteschi sono documentati un crocifisso in basso rilievo e affreschi rappresentante Maria e Giovan battista, opere di cui non \u00e8 rimasta traccia; ben documentata invece \u00e8 la vicenda della pala dell&#8217;altare maggiore, che non soltanto dava velocemente gran fama al convento fra i conoscitori d&#8217;arte, ma che in pi\u00f9 fu di primaria importanza per il suo futuro; nel maggio del 1515 le monache per intercessione del loro governatore dei Frati di S. Croce avevano commissionato una pala d&#8217;altare da Andrea del Sarto, che doveva rappresentare secondo il contratto: &#8220;Maria con figlioletto in braccia a due angeli in atto di incoronarla, con ai lati S. Giovanni Evangelista e S. Bonaventura &#8216;ad usum cardinalis'&#8221;. Per motivi che sono stati oggetto di svariate speculazioni, non soltanto l&#8217;artista non rispettava la prevista data di consegna, ma la pala finita rappresentava la Madonna (sorretta anzich\u00e9 incoronata dai due angeli) fra San Giovanni Evangelista e San Francesco. Il quadro, consegnato finalmente nel 1517, fu dal Vasari giudicato &#8220;fra le cose di Andrea di singolare e veramente rara bellezza&#8221; e divent\u00f2 famosissimo con il nome di &#8220;Madonna delle Arpie&#8221;, nome che si deve sempre a suggerimenti del Vasari.<\/p>\r\n<p>Fra il 1549 e il 1560 la chiesa originaria fu sottoposta a un primo intervento; superficiale come sembra. Non \u00e8 neanche da escludere che si trattava solo di lavori di risistemazione dopo i danni della spaventosa inondazione del 1557, che come risulta dallo stato di conservazione della parte inferiore della &#8220;Madonna dell Arpie&#8221; arriv\u00f2 ad una altezza notevole nella chiesa stessa.<\/p>\r\n<p>L&#8217;inizio dei lavori che porteranno in grandi linee all&#8217;aspetto attuale dell&#8217;edificio \u00e8 stato stabilito nel 1686, ma sicuramente non prima dell&#8217;anno 1683. E&#8217; questa per lo meno la data della stipulazione dell&#8217;accordo fra il convento e il Granprincipe Ferdinando, figlio di Cosimo III e pretendente al trono intorno alla cessione della pala dell&#8217;altare maggiore alle collezione medicee. Per poter impossessarsi del quadro che oggi si trova agli Uffizi, il granprincipe non solo prometteva una &#8220;copia di buona mano&#8221; o &#8220;in sua vece un&#8217;altra opera che fosse di loro gradimento&#8221;, ma pi\u00f9 che altro la ristrutturazione della chiesa.<\/p>\r\n<p>L&#8217;innaugurazione solenne dell&#8217;oratorio rinnovato si festeggiava il 4.10.1704. La direzione dei lavori era stato in mano a Giovanni Battista Foggini (1652-1725), architetto mediceo preferito, nel 1694 nominato Architetto di Corte. Il Foggini pur mantenendo i muri della chiesa medievale, cambiava l&#8217;orientamento da est &#8211; ovest a nord &#8211; sud, riorganizzava la struttura spaziale del vano e copriva tutta la struttura con una ricca decorazione a stucco, nella quale spicca l&#8217;emblema francescano delle braccia incrociate.<\/p>\r\n<p>Alla stessa campagna architettonica si deve anche la creazione del vano antistante la chiesa, al quale ammette il portale barocco da Via d\u00e9 Macci.<\/p>\r\n<p>Carlo Cresti paragonando S. Francesco con la contemporanea ristrutturazione della chiesetta di S. Maria a Candeli, pure opera del Foggini, fa risaltare la sensibilit\u00e0 che l&#8217;architetto abbia avuto nella chiesa delle clarisse verso l&#8217;effetto spaziale. Contrariamente al semplice susseguirsi di due spazi rettangolari sulla stessa asse, come si presenta in S. Maria, il Foggini in San Francesco accenna nelle curvature del muro del presbiterio e dello zoccolo dei gradini dell&#8217;altare, al presbiterio come un spazio ellittico con una sua propria autonomia architettonica.<\/p>\r\n<p>D&#8217;altra parte questi rimangono effettivamente accenni messi a sua volta in confronto con il, per l&#8217;ambito fiorentino, complesso intreccio spaziale di S. Giorgio sulla Costa (1705), sempre una risistemazione di una chiesa preesistente ad opera del Foggini.<\/p>\r\n<p>Per la decorazione pittorica prevedeva Pier Dandini (1646-1712), che nella svolta della sala raffigurava: &#8220;San Francesco riceve Ges\u00f9 Bambino dalle mani di Maria&#8221; e nella cupoletta del presbiterio: &#8220;Trasfigurazione dei Santi Francescani&#8221; con 4 angeli nei pennacchi.<\/p>\r\n<p>Per quanto riguarda l&#8217;arredo pittorico mobile, risulta che Ferdinando abbia provvisto alla realizzazione di tutte e due proposte, nell&#8217;accordo ancora avanzate alternativamente, in quanto per l&#8217;altare di destra viene fornita una copia della &#8220;Madonna delle Arpie&#8221; (eseguita da F. Petrucci (1660-1717); gi\u00e0 in S. Maria della Croce al Tempio e oggi nella Chiesa del Complesso di Montedomini sopra l&#8217;altare maggiore in un formato pi\u00f9 allungato rispetto all&#8217;originale, per quello di sinistra (la &#8216;Capellina di S. Carlo&#8217;) invece, in formato corrispondente una pala commissionata nel 1704 Sebastiano Ricci (1659-1734) a Venezia che rappresenta &#8216;Cristo crocifisso con la Vergine e i Santi Carlo Borromeo e Giovanni Evangelista&#8217; (oggi agli Uffizi).<\/p>\r\n<p>Il posto della pala d&#8217;altare venduta fu preso da una &#8216;Immacolata e Santi&#8217; di Carlo Sacconi (not. 1697\/1747), che oggi si trova nei Depositi della Soprintendenza per i Beni Artistici e Storici.<\/p>\r\n<p>Un&#8217;altro elemento dell&#8217;arredo settecentesco invece sembra definitivamente sparito: la cantoria spostabile ornata di pitture di Giuseppe Tonelli.<\/p>\r\n<p>L&#8217;affresco che oggi troneggia al posto delle due pale dell&#8217;altare maggiore ricordate, rappresenta Papa Pio XII (Papa dal 1939 &#8211; 1958) in pieno ornato e frontalit\u00e0 ieratica e inserisce una nota di curiosit\u00e0 in questo bel spazio seicentesco, che pure richiederebbe qualche delucidazione.<\/p>\r\n","protected":false},"excerpt":{"rendered":"<p>Dall&#8217;ottobre del 1994 l&#8217;Aurora si \u00e8 trasferita in una nuova sede, in via D\u00e9 Macci 11 a Firenze, di propriet\u00e0 della Curia con la quale \u00e8 stato stipulato un contratto di affitto. La sede \u00e8 un&#8217;antica e meravigliosa chiesa sconsacrata. Storia della Chiesa da &#8220;Le Strade di Firenze&#8221; di Franco Cesani Il lungo percorso dell&#8217;attuale [&hellip;]<\/p>\n","protected":false},"author":1,"featured_media":0,"parent":0,"menu_order":0,"comment_status":"closed","ping_status":"closed","template":"","meta":{"footnotes":""},"class_list":["post-51","page","type-page","status-publish","hentry"],"yoast_head":"<!-- This site is optimized with the Yoast SEO plugin v14.0.4 - https:\/\/yoast.com\/wordpress\/plugins\/seo\/ -->\n<title>Storia della sede - L&#039;Aurora Onlus<\/title>\n<meta name=\"robots\" content=\"index, follow\" \/>\n<meta name=\"googlebot\" content=\"index, follow, max-snippet:-1, max-image-preview:large, max-video-preview:-1\" \/>\n<meta name=\"bingbot\" content=\"index, follow, max-snippet:-1, max-image-preview:large, max-video-preview:-1\" \/>\n<link rel=\"canonical\" href=\"https:\/\/www.aurora-onlus.it\/?page_id=51\" \/>\n<meta property=\"og:locale\" content=\"it_IT\" \/>\n<meta property=\"og:type\" content=\"article\" \/>\n<meta property=\"og:title\" content=\"Storia della sede - L&#039;Aurora Onlus\" \/>\n<meta property=\"og:description\" content=\"Dall&#8217;ottobre del 1994 l&#8217;Aurora si \u00e8 trasferita in una nuova sede, in via D\u00e9 Macci 11 a Firenze, di propriet\u00e0 della Curia con la quale \u00e8 stato stipulato un contratto di affitto. La sede \u00e8 un&#8217;antica e meravigliosa chiesa sconsacrata. Storia della Chiesa da &#8220;Le Strade di Firenze&#8221; di Franco Cesani Il lungo percorso dell&#8217;attuale [&hellip;]\" \/>\n<meta property=\"og:url\" content=\"https:\/\/www.aurora-onlus.it\/?page_id=51\" \/>\n<meta property=\"og:site_name\" content=\"L&#039;Aurora Onlus\" \/>\n<meta property=\"article:modified_time\" content=\"2020-07-06T21:00:19+00:00\" \/>\n<meta property=\"og:image\" content=\"https:\/\/www.aurora-onlus.it\/wp-content\/uploads\/2020\/07\/2005-salone-6-1024x758.jpg\" \/>\n<meta name=\"twitter:card\" content=\"summary_large_image\" \/>\n<script type=\"application\/ld+json\" class=\"yoast-schema-graph\">{\"@context\":\"https:\/\/schema.org\",\"@graph\":[{\"@type\":\"WebSite\",\"@id\":\"https:\/\/www.aurora-onlus.it\/#website\",\"url\":\"https:\/\/www.aurora-onlus.it\/\",\"name\":\"L&#039;Aurora Onlus\",\"description\":\"Trent&#039;anni di solidale umanit\\u00e0\",\"potentialAction\":[{\"@type\":\"SearchAction\",\"target\":\"https:\/\/www.aurora-onlus.it\/?s={search_term_string}\",\"query-input\":\"required name=search_term_string\"}],\"inLanguage\":\"it-IT\"},{\"@type\":\"ImageObject\",\"@id\":\"https:\/\/www.aurora-onlus.it\/?page_id=51#primaryimage\",\"inLanguage\":\"it-IT\",\"url\":\"https:\/\/www.aurora-onlus.it\/wp-content\/uploads\/2020\/07\/2005-salone-6-1024x758.jpg\"},{\"@type\":\"WebPage\",\"@id\":\"https:\/\/www.aurora-onlus.it\/?page_id=51#webpage\",\"url\":\"https:\/\/www.aurora-onlus.it\/?page_id=51\",\"name\":\"Storia della sede - L&#039;Aurora Onlus\",\"isPartOf\":{\"@id\":\"https:\/\/www.aurora-onlus.it\/#website\"},\"primaryImageOfPage\":{\"@id\":\"https:\/\/www.aurora-onlus.it\/?page_id=51#primaryimage\"},\"datePublished\":\"2020-05-04T22:32:29+00:00\",\"dateModified\":\"2020-07-06T21:00:19+00:00\",\"inLanguage\":\"it-IT\",\"potentialAction\":[{\"@type\":\"ReadAction\",\"target\":[\"https:\/\/www.aurora-onlus.it\/?page_id=51\"]}]}]}<\/script>\n<!-- \/ Yoast SEO plugin. -->","_links":{"self":[{"href":"https:\/\/www.aurora-onlus.it\/index.php?rest_route=\/wp\/v2\/pages\/51","targetHints":{"allow":["GET"]}}],"collection":[{"href":"https:\/\/www.aurora-onlus.it\/index.php?rest_route=\/wp\/v2\/pages"}],"about":[{"href":"https:\/\/www.aurora-onlus.it\/index.php?rest_route=\/wp\/v2\/types\/page"}],"author":[{"embeddable":true,"href":"https:\/\/www.aurora-onlus.it\/index.php?rest_route=\/wp\/v2\/users\/1"}],"replies":[{"embeddable":true,"href":"https:\/\/www.aurora-onlus.it\/index.php?rest_route=%2Fwp%2Fv2%2Fcomments&post=51"}],"version-history":[{"count":9,"href":"https:\/\/www.aurora-onlus.it\/index.php?rest_route=\/wp\/v2\/pages\/51\/revisions"}],"predecessor-version":[{"id":719,"href":"https:\/\/www.aurora-onlus.it\/index.php?rest_route=\/wp\/v2\/pages\/51\/revisions\/719"}],"wp:attachment":[{"href":"https:\/\/www.aurora-onlus.it\/index.php?rest_route=%2Fwp%2Fv2%2Fmedia&parent=51"}],"curies":[{"name":"wp","href":"https:\/\/api.w.org\/{rel}","templated":true}]}}